{"id":61,"date":"2021-07-13T16:03:56","date_gmt":"2021-07-13T14:03:56","guid":{"rendered":"https:\/\/profil-mlabbe.fr\/chezlulu\/?page_id=61"},"modified":"2021-07-20T12:07:32","modified_gmt":"2021-07-20T10:07:32","slug":"mentions-legales","status":"publish","type":"page","link":"https:\/\/profil-mlabbe.fr\/chezlulu\/mentions-legales\/","title":{"rendered":"Mentions L\u00e9gales"},"content":{"rendered":"\n<p><em><strong>Objet<\/strong><\/em><\/p>\n\n\n\n<p>Les pr\u00e9sentes conditions g\u00e9n\u00e9rales ont pour objet de d\u00e9finir les modalit\u00e9s de mise \u00e0 disposition des services du site <strong>chezluluwp<\/strong>, ci-apr\u00e8s nomm\u00e9 \u201cle service\u201d et les conditions d\u2019utilisation du service par l\u2019utilisateur.<\/p>\n\n\n\n<p>Tout acc\u00e8s et\/ou utilisation du site <strong>chezluluwp<\/strong> suppose l\u2019acceptation et le respect de l\u2019ensemble des termes des pr\u00e9sentes conditions et leur acceptation inconditionnelle. Elles constituent donc un contrat entre <strong>chezluluwp<\/strong> et l\u2019utilisateur.<\/p>\n\n\n\n<p>Dans le cas o\u00f9 l\u2019utilisateur ne souhaite pas accepter tout ou partie des pr\u00e9sentes conditions g\u00e9n\u00e9rales, il lui est demand\u00e9 de renoncer \u00e0 tout usage du service.<\/p>\n\n\n\n<p><em><strong>Mentions l\u00e9gales<\/strong><\/em><\/p>\n\n\n\n<p>Le site <strong>chezluluwp<\/strong> est \u00e9dit\u00e9 et h\u00e9berg\u00e9 par :<\/p>\n\n\n\n<p>XXXXX<\/p>\n\n\n\n<p>SAS au capital de XXXXX XXXX \u20ac<br>RCS Toulouse M\u00e9tropole 000 0000 00 000 0000<br>Code APE XXXX<br>N\u00b0 TVA : FR XX XX XXXXXXX<br>Si\u00e8ge social : XXX XXXXXXXXXXXXXXXXXXXXXXXXXXXXXXXXXX<\/p>\n\n\n\n<p><em><strong>Acc\u00e8s au service<\/strong><\/em><\/p>\n\n\n\n<p>Le service est accessible gratuitement \u00e0 tout utilisateur disposant d\u2019un acc\u00e8s \u00e0 Internet. Tous les co\u00fbts aff\u00e9rents \u00e0 l\u2019acc\u00e8s au service, que ce soient les frais mat\u00e9riels, logiciels ou d\u2019acc\u00e8s \u00e0 Internet sont exclusivement \u00e0 la charge de l\u2019utilisateur. Il est seul responsable du bon fonctionnement de son \u00e9quipement informatique ainsi que de son acc\u00e8s \u00e0 Internet.<\/p>\n\n\n\n<p><strong>chezluluwp<\/strong> met en \u0153uvre tous les moyens raisonnables \u00e0 sa disposition pour assurer un acc\u00e8s de qualit\u00e9 au service, mais n\u2019est tenu \u00e0 aucune obligation d\u2019y parvenir.<\/p>\n\n\n\n<p><strong>chezluluwp<\/strong> ne peut, en outre, \u00eatre tenu responsable de tout dysfonctionnement du r\u00e9seau ou des serveurs ou de tout autre \u00e9v\u00e9nement \u00e9chappant au contr\u00f4le raisonnable, qui emp\u00eacherait ou d\u00e9graderait l\u2019acc\u00e8s au service.<\/p>\n\n\n\n<p><strong>chezluluwp<\/strong> se r\u00e9serve la possibilit\u00e9 d\u2019interrompre, de suspendre momentan\u00e9ment ou de modifier sans pr\u00e9avis l\u2019acc\u00e8s \u00e0 tout ou partie du service, afin d\u2019en assurer la maintenance, ou pour toute autre raison, sans que l\u2019interruption n\u2019ouvre droit \u00e0 aucune obligation ni indemnisation.<\/p>\n\n\n\n<p><em><strong>Propri\u00e9t\u00e9 intellectuelle<\/strong><\/em><\/p>\n\n\n\n<p><strong>Boeuf &amp; Cow<\/strong> informe les utilisateurs de ce site que la plupart des informations et donn\u00e9es qui y figurent sont prot\u00e9g\u00e9es par les dispositions l\u00e9gales relatives aux droits de propri\u00e9t\u00e9 intellectuelle.<\/p>\n\n\n\n<p>Les informations et donn\u00e9es ainsi prot\u00e9g\u00e9es figurant sur ce site sont la propri\u00e9t\u00e9 de <strong>chezluluwp<\/strong> ou de tiers ayant autoris\u00e9 <strong>chezluluwp<\/strong> \u00e0 les exploiter.<\/p>\n\n\n\n<p>Toute repr\u00e9sentation, reproduction, utilisation, adaptation ou modification en tout ou partie ainsi que toute exploitation m\u00eame partielle de ces informations et donn\u00e9es est prohib\u00e9e sans l\u2019autorisation expresse et pr\u00e9alable de <strong>chezluluwp<\/strong>. Le non-respect de cette interdiction pourra engager la responsabilit\u00e9 civile et p\u00e9nale de l\u2019utilisateur de ce site notamment au titre des dispositions de l\u00b4article L335\u20132 du Code de la Propri\u00e9t\u00e9 Intellectuelle relatives \u00e0 la contrefa\u00e7on punie de trois ans d\u2019emprisonnement et de 300.000 euros d\u2019amende.<\/p>\n\n\n\n<p><em><strong>Donn\u00e9es personnelles<\/strong><\/em><\/p>\n\n\n\n<p>Dans une logique de respect de la vie priv\u00e9e de ses utilisateurs, <strong>chezluluwp<\/strong> s\u2019engage \u00e0 ce que la collecte et le traitement d\u2019informations personnelles, effectu\u00e9s au sein du pr\u00e9sent site, soient effectu\u00e9s conform\u00e9ment \u00e0 la loi n\u00b078\u201317 du 6 janvier 1978 relative \u00e0 l\u2019informatique, aux fichiers et aux libert\u00e9s, dite Loi \u201cInformatique et Libert\u00e9s \u201d.<\/p>\n\n\n\n<p>Conform\u00e9ment \u00e0 la loi 78-17 du 6 janvier 1978 (modifi\u00e9e par la loi 2004-801 du 6 ao\u00fbt 2004 relative \u00e0 la protection des personnes physiques \u00e0 l\u2019\u00e9gard des traitements de donn\u00e9es \u00e0 caract\u00e8re personnel) relative \u00e0 l\u2019informatique, aux fichiers et aux libert\u00e9s, le site a fait l\u2019objet d\u2019une d\u00e9claration aupr\u00e8s de la Commission nationale de l\u2019informatique et des libert\u00e9s sous le num\u00e9ro\u00a0: XXXvXX (www.cnil.fr)<\/p>\n\n\n\n<p>Conform\u00e9ment \u00e0 l\u2019article 34 de la loi \u201cInformatique et Libert\u00e9s \u201d, <strong>chezluluwp<\/strong> garantit \u00e0 l\u2019utilisateur un droit d\u2019opposition, d\u2019acc\u00e8s et de rectification sur les donn\u00e9es nominatives le concernant. L\u2019utilisateur a la possibilit\u00e9 d\u2019exercer ce droit :<\/p>\n\n\n\n<p>En utilisant le formulaire de contact mis \u00e0 sa disposition sur le site :<\/p>\n\n\n\n<p><a href=\"https:\/\/profil-mlabbe.fr\/chezlulu\/contact\" data-type=\"URL\" data-id=\"localhost\/chezluluwp\/contact\"><u>localhost\/chezluluwp<\/u><\/a><\/p>\n\n\n\n<p><em><strong>Liens hypertextes<\/strong><\/em><\/p>\n\n\n\n<p>Si <strong>chezluluwp<\/strong> propose des liens hypertextes vers des sites web \u00e9dit\u00e9s et\/ou g\u00e9r\u00e9s par des tiers, dans la mesure o\u00f9 aucun contr\u00f4le n\u2019est exerc\u00e9 sur ces ressources externes, l\u2019utilisateur reconna\u00eet que <strong>chezluluwp<\/strong> n\u2019assume aucune responsabilit\u00e9 relative \u00e0 la mise \u00e0 disposition de ces ressources, et ne peut \u00eatre tenue responsable quant \u00e0 leur contenu.<\/p>\n\n\n\n<p><em><strong>Force majeure<\/strong><\/em><\/p>\n\n\n\n<p>La responsabilit\u00e9 de <strong>chezluluwp<\/strong> ne pourra \u00eatre engag\u00e9e en cas de force majeure ou de faits ind\u00e9pendants de sa volont\u00e9.<\/p>\n\n\n\n<p><em><strong>Evolution du pr\u00e9sent contrat<\/strong><\/em><\/p>\n\n\n\n<p><strong>chezluluwp<\/strong> se r\u00e9serve le droit de modifier les termes, conditions et mentions du pr\u00e9sent contrat \u00e0 tout moment.<\/p>\n\n\n\n<p>Il est ainsi conseill\u00e9 \u00e0 l\u2019utilisateur de consulter r\u00e9guli\u00e8rement la derni\u00e8re version des Conditions G\u00e9n\u00e9rales disponible sur le site <strong>chezluluwp<\/strong><\/p>\n\n\n\n<p><strong><em>Dur\u00e9e et r\u00e9siliation<\/em><\/strong><\/p>\n\n\n\n<p>Le pr\u00e9sent contrat est conclu pour une dur\u00e9e ind\u00e9termin\u00e9e \u00e0 compter de l\u2019utilisation du Service par&nbsp; l\u2019utilisateur.<\/p>\n\n\n\n<p><em><strong>Droit applicable et juridiction comp\u00e9tente<\/strong><\/em><\/p>\n\n\n\n<p>Les r\u00e8gles en mati\u00e8re de droit, applicables aux contenus et aux transmissions de donn\u00e9es sur et autour du site, sont d\u00e9termin\u00e9es par la loi fran\u00e7aise.<\/p>\n\n\n\n<p>En cas de litige, n\u2019ayant pu faire l\u2019objet d\u2019un accord \u00e0 l\u2019amiable, seuls les tribunaux fran\u00e7ais du ressort de la cour d\u2019appel de Toulouse sont comp\u00e9tents.<\/p>\n","protected":false},"excerpt":{"rendered":"<p>Objet Les pr\u00e9sentes conditions g\u00e9n\u00e9rales ont pour objet de d\u00e9finir les modalit\u00e9s de mise \u00e0 disposition des services du site chezluluwp, ci-apr\u00e8s nomm\u00e9 \u201cle service\u201d et les conditions d\u2019utilisation du service par l\u2019utilisateur. Tout acc\u00e8s et\/ou utilisation du site chezluluwp suppose l\u2019acceptation et le respect de l\u2019ensemble des termes des pr\u00e9sentes conditions et leur acceptation [&hellip;]<\/p>\n","protected":false},"author":1,"featured_media":0,"parent":0,"menu_order":0,"comment_status":"closed","ping_status":"closed","template":"","meta":{"_et_pb_use_builder":"","_et_pb_old_content":"","_et_gb_content_width":"","footnotes":""},"class_list":["post-61","page","type-page","status-publish","hentry"],"_links":{"self":[{"href":"https:\/\/profil-mlabbe.fr\/chezlulu\/wp-json\/wp\/v2\/pages\/61","targetHints":{"allow":["GET"]}}],"collection":[{"href":"https:\/\/profil-mlabbe.fr\/chezlulu\/wp-json\/wp\/v2\/pages"}],"about":[{"href":"https:\/\/profil-mlabbe.fr\/chezlulu\/wp-json\/wp\/v2\/types\/page"}],"author":[{"embeddable":true,"href":"https:\/\/profil-mlabbe.fr\/chezlulu\/wp-json\/wp\/v2\/users\/1"}],"replies":[{"embeddable":true,"href":"https:\/\/profil-mlabbe.fr\/chezlulu\/wp-json\/wp\/v2\/comments?post=61"}],"version-history":[{"count":4,"href":"https:\/\/profil-mlabbe.fr\/chezlulu\/wp-json\/wp\/v2\/pages\/61\/revisions"}],"predecessor-version":[{"id":204,"href":"https:\/\/profil-mlabbe.fr\/chezlulu\/wp-json\/wp\/v2\/pages\/61\/revisions\/204"}],"wp:attachment":[{"href":"https:\/\/profil-mlabbe.fr\/chezlulu\/wp-json\/wp\/v2\/media?parent=61"}],"curies":[{"name":"wp","href":"https:\/\/api.w.org\/{rel}","templated":true}]}}