{"id":60,"date":"2021-07-13T16:03:56","date_gmt":"2021-07-13T14:03:56","guid":{"rendered":"https:\/\/profil-mlabbe.fr\/chezlulu\/?page_id=60"},"modified":"2021-07-13T16:28:33","modified_gmt":"2021-07-13T14:28:33","slug":"a-propos","status":"publish","type":"page","link":"https:\/\/profil-mlabbe.fr\/chezlulu\/a-propos\/","title":{"rendered":"A propos"},"content":{"rendered":"\n<p><\/p>\n\n\n\n<div class=\"wp-block-image is-style-rounded\"><figure class=\"aligncenter size-full\"><img loading=\"lazy\" decoding=\"async\" width=\"640\" height=\"426\" src=\"https:\/\/profil-mlabbe.fr\/chezlulu\/wp-content\/uploads\/2021\/07\/chef.jpg\" alt=\"Chef\" class=\"wp-image-80\" srcset=\"https:\/\/profil-mlabbe.fr\/chezlulu\/wp-content\/uploads\/2021\/07\/chef.jpg 640w, https:\/\/profil-mlabbe.fr\/chezlulu\/wp-content\/uploads\/2021\/07\/chef-300x200.jpg 300w, https:\/\/profil-mlabbe.fr\/chezlulu\/wp-content\/uploads\/2021\/07\/chef-75x50.jpg 75w\" sizes=\"auto, (max-width: 640px) 100vw, 640px\" \/><\/figure><\/div>\n\n\n\n<p>Il aura tout vu, tout \u00e9crit, tout racont\u00e9, fait profiter \u00e0 tous de ses exp\u00e9riences et de ses id\u00e9es : c\u2019est Lucien Idoux, aubergiste au grand c\u0153ur et ma\u00eetre du bistrot Chez Lulu, qui se nomma la Cigale en r\u00e9f\u00e9rence \u00e0 son ex bistrot de la voisine rue Chomel, proche du Bon March\u00e9. Lucien a ouvert \u00e0 tous sa maison gourmande et, en p\u00e9riode de d\u00e9confinement progressif, gagne du terrain sur sa belle impasse. Un service rapide et souriant propose les id\u00e9es du moment avec prestance.<\/p>\n\n\n\n<p>Le d\u00e9cor d\u2019une autre \u00e9poque dessine d\u2019embl\u00e9e une atmosph\u00e8re chaleureuse et conviviale. Mention sp\u00e9ciale pour la\u00a0terrasse abrit\u00e9e, qui donne sur une place tranquille. Les produits sont bons, cuisin\u00e9s avec soin et g\u00e9n\u00e9rosit\u00e9. Et les prix n\u2019attigent pas : le midi, formules \u00e0 24 \u20ac et 28\u2009\u20ac, et le soir,\u00a0gargantuesque\u00a0menu \u00e0 35\u2009\u20ac pour rejouer\u00a0Calmos\u00a0de Blier.<\/p>\n\n\n\n<p>Le week-end, c\u2019est Traou Mad (\u00ab bonnes choses\u00a0\u00bb en breton) : un brunch servi en buffet \u00e0 volont\u00e9, en continu de 10 \u00e0 19 heures. Pour 30 \u20ac, on remplit son assiette, en commen\u00e7ant par le beurre sal\u00e9 Bordier \u00e0 tartiner sur le fameux pain de campagne du taulier. Le reste\u00a0?\u00a0Charcutaille, fruits de mer, boudin, saumon fum\u00e9, salades, omelettes, cocottes en fonte remplies de brandade, de b\u0153uf bourguignon et autres plats roboratifs. Sans oublier le\u00a0coin des desserts de\u00a0m\u00e8re-grand !<\/p>\n","protected":false},"excerpt":{"rendered":"<p>Il aura tout vu, tout \u00e9crit, tout racont\u00e9, fait profiter \u00e0 tous de ses exp\u00e9riences et de ses id\u00e9es : c\u2019est Lucien Idoux, aubergiste au grand c\u0153ur et ma\u00eetre du bistrot Chez Lulu, qui se nomma la Cigale en r\u00e9f\u00e9rence \u00e0 son ex bistrot de la voisine rue Chomel, proche du Bon March\u00e9. Lucien a [&hellip;]<\/p>\n","protected":false},"author":1,"featured_media":0,"parent":0,"menu_order":0,"comment_status":"closed","ping_status":"closed","template":"","meta":{"_et_pb_use_builder":"","_et_pb_old_content":"","_et_gb_content_width":"","footnotes":""},"class_list":["post-60","page","type-page","status-publish","hentry"],"_links":{"self":[{"href":"https:\/\/profil-mlabbe.fr\/chezlulu\/wp-json\/wp\/v2\/pages\/60","targetHints":{"allow":["GET"]}}],"collection":[{"href":"https:\/\/profil-mlabbe.fr\/chezlulu\/wp-json\/wp\/v2\/pages"}],"about":[{"href":"https:\/\/profil-mlabbe.fr\/chezlulu\/wp-json\/wp\/v2\/types\/page"}],"author":[{"embeddable":true,"href":"https:\/\/profil-mlabbe.fr\/chezlulu\/wp-json\/wp\/v2\/users\/1"}],"replies":[{"embeddable":true,"href":"https:\/\/profil-mlabbe.fr\/chezlulu\/wp-json\/wp\/v2\/comments?post=60"}],"version-history":[{"count":5,"href":"https:\/\/profil-mlabbe.fr\/chezlulu\/wp-json\/wp\/v2\/pages\/60\/revisions"}],"predecessor-version":[{"id":107,"href":"https:\/\/profil-mlabbe.fr\/chezlulu\/wp-json\/wp\/v2\/pages\/60\/revisions\/107"}],"wp:attachment":[{"href":"https:\/\/profil-mlabbe.fr\/chezlulu\/wp-json\/wp\/v2\/media?parent=60"}],"curies":[{"name":"wp","href":"https:\/\/api.w.org\/{rel}","templated":true}]}}