{"id":29,"date":"2021-07-13T15:28:09","date_gmt":"2021-07-13T13:28:09","guid":{"rendered":"https:\/\/profil-mlabbe.fr\/chezlulu\/?page_id=29"},"modified":"2021-07-13T17:38:15","modified_gmt":"2021-07-13T15:38:15","slug":"carte-menu","status":"publish","type":"page","link":"https:\/\/profil-mlabbe.fr\/chezlulu\/carte-menu\/","title":{"rendered":"Carte &#038; Menu"},"content":{"rendered":"\n<h2 class=\"has-text-align-center wp-block-heading\"><strong>Les entr\u00e9es<\/strong><\/h2>\n\n\n\n<figure class=\"wp-block-table is-style-stripes\"><table><tbody><tr><td class=\"has-text-align-center\" data-align=\"center\">Caponata d&rsquo;aubergines, mozzarella bio<\/td><td>11\u20ac<\/td><\/tr><tr><td class=\"has-text-align-center\" data-align=\"center\">Jambon persill\u00e9 de Bourgogne, poireaux caram\u00e9lis\u00e9s, sauce gribiche<\/td><td>13\u20ac<\/td><\/tr><tr><td class=\"has-text-align-center\" data-align=\"center\">Tartare de dorade, mangue, citron vert<\/td><td>14\u20ac<\/td><\/tr><tr><td class=\"has-text-align-center\" data-align=\"center\">Foie gras de canard mi-cuit \u00e0 la poudre de framboise<\/td><td>15\u20ac<\/td><\/tr><tr><td class=\"has-text-align-center\" data-align=\"center\">Soupe gratin\u00e9e \u00e0 l&rsquo;oignon \u00e0 notre fa\u00e7on<\/td><td>9\u20ac<\/td><\/tr><tr><td class=\"has-text-align-center\" data-align=\"center\">Chair de tourteau au yuzu, roquette et oignon rouge<\/td><td>16\u20ac<\/td><\/tr><tr><td class=\"has-text-align-center\" data-align=\"center\">Saumon fum\u00e9e au bois de h\u00eatre, cr\u00e8me aigrelette<\/td><td>16\u20ac<\/td><\/tr><tr><td class=\"has-text-align-center\" data-align=\"center\">Gros escargots sauvages gratin\u00e9s en coquille, persillade<\/td><td>14\u20ac<\/td><\/tr><\/tbody><\/table><\/figure>\n\n\n\n<hr class=\"wp-block-separator is-style-wide\"\/>\n\n\n\n<h2 class=\"has-text-align-center wp-block-heading\"><strong>Les plats<\/strong><\/h2>\n\n\n\n<figure class=\"wp-block-table is-style-stripes\"><table><tbody><tr><td class=\"has-text-align-center\" data-align=\"center\">Dos de lieu noir en a\u00efoli, l\u00e9gumes confits \u00e0 l&rsquo;estragon<\/td><td>21\u20ac<\/td><\/tr><tr><td class=\"has-text-align-center\" data-align=\"center\">Risotto au gorgonzola et parmesan, pousses d&rsquo;\u00e9pinards<\/td><td>19\u20ac<\/td><\/tr><tr><td class=\"has-text-align-center\" data-align=\"center\">Magret de canard cuit sur sa peau, risotto, carotte au miel<\/td><td>23\u20ac<\/td><\/tr><tr><td class=\"has-text-align-center\" data-align=\"center\">Burger de boeuf au cheddar jaune, pickles d&rsquo;oignons rouges et cornichons, frites maison<\/td><td>20\u20ac<\/td><\/tr><tr><td class=\"has-text-align-center\" data-align=\"center\">Ris de veau au sautoir, pomme darphin, jus de sarriette<\/td><td>32\u20ac<\/td><\/tr><tr><td class=\"has-text-align-center\" data-align=\"center\">Noix d&rsquo;entrec\u00f4te Argentinesauce b\u00e9arnaise, frites maison<\/td><td>28\u20ac<\/td><\/tr><tr><td class=\"has-text-align-center\" data-align=\"center\">Butternut et carottes r\u00f4ties au miel, ricotta aux herbes<\/td><td>18\u20ac<\/td><\/tr><\/tbody><\/table><\/figure>\n\n\n\n<hr class=\"wp-block-separator is-style-wide\"\/>\n\n\n\n<h2 class=\"has-text-align-center wp-block-heading\"><strong>Les desserts<\/strong><\/h2>\n\n\n\n<figure class=\"wp-block-table is-style-stripes\"><table><tbody><tr><td class=\"has-text-align-center\" data-align=\"center\">Moelleux au chocolat noir, chantilly<\/td><td class=\"has-text-align-center\" data-align=\"center\">8\u20ac<\/td><\/tr><tr><td class=\"has-text-align-center\" data-align=\"center\">Assiette de glaces artisanales, vanille, pistache<\/td><td class=\"has-text-align-center\" data-align=\"center\">9\u20ac<\/td><\/tr><tr><td class=\"has-text-align-center\" data-align=\"center\">Cr\u00e8me au caramel brun<\/td><td class=\"has-text-align-center\" data-align=\"center\">8\u20ac<\/td><\/tr><tr><td class=\"has-text-align-center\" data-align=\"center\">Ananas r\u00f4ti au beurre, mascarpone<\/td><td class=\"has-text-align-center\" data-align=\"center\">9\u20ac<\/td><\/tr><tr><td class=\"has-text-align-center\" data-align=\"center\">Baba au rhum, cr\u00e8me chantilly<\/td><td class=\"has-text-align-center\" data-align=\"center\">10\u20ac<\/td><\/tr><tr><td class=\"has-text-align-center\" data-align=\"center\">Tarte au citron meringu\u00e9e<\/td><td class=\"has-text-align-center\" data-align=\"center\">9\u20ac<\/td><\/tr><tr><td class=\"has-text-align-center\" data-align=\"center\">Assiette de fromages affin\u00e9s<\/td><td class=\"has-text-align-center\" data-align=\"center\">10\u20ac<\/td><\/tr><\/tbody><\/table><\/figure>\n\n\n\n<hr class=\"wp-block-separator is-style-wide\"\/>\n\n\n\n<h2 class=\"has-text-align-center wp-block-heading\"><strong>Les menus<br><\/strong><\/h2>\n\n\n\n<p class=\"has-text-align-center\">Menu du soir (<b>entr\u00e9e*<\/b> + <b>plat*<\/b> + <b>dessert*<\/b>) <b>35\u20ac<\/b> <\/p>\n<p class=\"has-text-align-center\"><b>Entr\u00e9e*<\/b> + <b>plat*<\/b> OU <b>plat*<\/b> + <b>dessert*<\/b> <b>18\u20ac<\/b> <\/p>\n<p class=\"has-text-align-center\"><b>Entr\u00e9e*<\/b> + <b>plat*<\/b> + <b>dessert*<\/b> <b>21\u20ac<\/b> <\/p>\n<p class=\"has-text-align-center\"><b>Plat du jour 14,5\u20ac<\/b><\/p>\n","protected":false},"excerpt":{"rendered":"<p>Les entr\u00e9es Caponata d&rsquo;aubergines, mozzarella bio 11\u20ac Jambon persill\u00e9 de Bourgogne, poireaux caram\u00e9lis\u00e9s, sauce gribiche 13\u20ac Tartare de dorade, mangue, citron vert 14\u20ac Foie gras de canard mi-cuit \u00e0 la poudre de framboise 15\u20ac Soupe gratin\u00e9e \u00e0 l&rsquo;oignon \u00e0 notre fa\u00e7on 9\u20ac Chair de tourteau au yuzu, roquette et oignon rouge 16\u20ac Saumon fum\u00e9e au [&hellip;]<\/p>\n","protected":false},"author":1,"featured_media":0,"parent":0,"menu_order":0,"comment_status":"closed","ping_status":"closed","template":"","meta":{"_et_pb_use_builder":"","_et_pb_old_content":"","_et_gb_content_width":"","footnotes":""},"class_list":["post-29","page","type-page","status-publish","hentry"],"_links":{"self":[{"href":"https:\/\/profil-mlabbe.fr\/chezlulu\/wp-json\/wp\/v2\/pages\/29","targetHints":{"allow":["GET"]}}],"collection":[{"href":"https:\/\/profil-mlabbe.fr\/chezlulu\/wp-json\/wp\/v2\/pages"}],"about":[{"href":"https:\/\/profil-mlabbe.fr\/chezlulu\/wp-json\/wp\/v2\/types\/page"}],"author":[{"embeddable":true,"href":"https:\/\/profil-mlabbe.fr\/chezlulu\/wp-json\/wp\/v2\/users\/1"}],"replies":[{"embeddable":true,"href":"https:\/\/profil-mlabbe.fr\/chezlulu\/wp-json\/wp\/v2\/comments?post=29"}],"version-history":[{"count":17,"href":"https:\/\/profil-mlabbe.fr\/chezlulu\/wp-json\/wp\/v2\/pages\/29\/revisions"}],"predecessor-version":[{"id":106,"href":"https:\/\/profil-mlabbe.fr\/chezlulu\/wp-json\/wp\/v2\/pages\/29\/revisions\/106"}],"wp:attachment":[{"href":"https:\/\/profil-mlabbe.fr\/chezlulu\/wp-json\/wp\/v2\/media?parent=29"}],"curies":[{"name":"wp","href":"https:\/\/api.w.org\/{rel}","templated":true}]}}