{"id":2,"date":"2021-07-05T11:17:06","date_gmt":"2021-07-05T09:17:06","guid":{"rendered":"https:\/\/profil-mlabbe.fr\/chezlulu\/?page_id=2"},"modified":"2021-07-13T16:21:05","modified_gmt":"2021-07-13T14:21:05","slug":"page-d-exemple","status":"publish","type":"page","link":"https:\/\/profil-mlabbe.fr\/chezlulu\/","title":{"rendered":"Bienvenue Chez Lulu"},"content":{"rendered":"\n<div class=\"alignnormal\"><div id=\"metaslider-id-18\" style=\"width: 100%;\" class=\"ml-slider-3-20-3 metaslider metaslider-flex metaslider-18 ml-slider\">\n    <div id=\"metaslider_container_18\">\n        <div id=\"metaslider_18\">\n            <ul aria-live=\"polite\" class=\"slides\">\n                <li style=\"display: block; width: 100%;\" class=\"slide-20 ms-image\"><img loading=\"lazy\" decoding=\"async\" src=\"https:\/\/profil-mlabbe.fr\/chezlulu\/wp-content\/uploads\/2021\/07\/pate-700x300.png\" height=\"300\" width=\"700\" alt=\"pate\" class=\"slider-18 slide-20\" title=\"pate\" \/><\/li>\n                <li style=\"display: none; width: 100%;\" class=\"slide-23 ms-image\"><img loading=\"lazy\" decoding=\"async\" src=\"https:\/\/profil-mlabbe.fr\/chezlulu\/wp-content\/uploads\/2021\/07\/pomme-de-terre-boeuf-700x300.jpg\" height=\"300\" width=\"700\" alt=\"pomme de terre boeuf\" class=\"slider-18 slide-23\" title=\"pomme-de-terre-boeuf\" \/><\/li>\n                <li style=\"display: none; width: 100%;\" class=\"slide-24 ms-image\"><img loading=\"lazy\" decoding=\"async\" src=\"https:\/\/profil-mlabbe.fr\/chezlulu\/wp-content\/uploads\/2021\/07\/plat-jarret-700x300.jpg\" height=\"300\" width=\"700\" alt=\"plat jarret\" class=\"slider-18 slide-24\" title=\"plat-jarret\" \/><\/li>\n            <\/ul>\n        <\/div>\n        \n    <\/div>\n<\/div><\/div>\n\n\n\n<p>Le restaurant chez Lulu vous accueille au 13, rue de Bordeaux pour une cuisine familiale. C\u2019est au chef qu\u2019a \u00e9t\u00e9 confi\u00e9e la passionnante mission de cr\u00e9er une toute nouvelle offre gastronomique. D\u00e9jeuner, ap\u00e9ritif ou d\u00eener, il a enti\u00e8rement repens\u00e9 la carte. Cette derni\u00e8re, plus courte, propose 8 entr\u00e9es, 8 plats et 8 desserts.<\/p>\n\n\n\n<p>Chaque jour un plat du jour est mis \u00e0 l\u2019honneur, et le chef met un point d\u2019honneur \u00e0 n\u2019utiliser que les produits de saison, si possible bio et lab\u00e9lis\u00e9s provenant de producteurs locaux ; La proximit\u00e9 \u00e9tant un de ses fers de lance. Cette nouvelle carte est gourmande, d\u00e9contract\u00e9e et surtout plus lisible. Ses cr\u00e9ations sont tout simplement pertinentes et d\u00e9licieuses.<\/p>\n\n\n\n<div class=\"wp-block-image is-style-rounded\"><figure class=\"aligncenter size-full\"><img loading=\"lazy\" decoding=\"async\" width=\"640\" height=\"422\" src=\"https:\/\/profil-mlabbe.fr\/chezlulu\/wp-content\/uploads\/2021\/07\/restaurant.jpg\" alt=\"Venez passer un moment agr\u00e9able dans une ambiance chaleureuse\" class=\"wp-image-48\" srcset=\"https:\/\/profil-mlabbe.fr\/chezlulu\/wp-content\/uploads\/2021\/07\/restaurant.jpg 640w, https:\/\/profil-mlabbe.fr\/chezlulu\/wp-content\/uploads\/2021\/07\/restaurant-300x198.jpg 300w, https:\/\/profil-mlabbe.fr\/chezlulu\/wp-content\/uploads\/2021\/07\/restaurant-75x50.jpg 75w\" sizes=\"auto, (max-width: 640px) 100vw, 640px\" \/><\/figure><\/div>\n","protected":false},"excerpt":{"rendered":"<p>Le restaurant chez Lulu vous accueille au 13, rue de Bordeaux pour une cuisine familiale. C\u2019est au chef qu\u2019a \u00e9t\u00e9 confi\u00e9e la passionnante mission de cr\u00e9er une toute nouvelle offre gastronomique. D\u00e9jeuner, ap\u00e9ritif ou d\u00eener, il a enti\u00e8rement repens\u00e9 la carte. Cette derni\u00e8re, plus courte, propose 8 entr\u00e9es, 8 plats et 8 desserts. Chaque jour [&hellip;]<\/p>\n","protected":false},"author":1,"featured_media":0,"parent":0,"menu_order":0,"comment_status":"closed","ping_status":"closed","template":"","meta":{"_et_pb_use_builder":"off","_et_pb_old_content":"<!-- wp:metaslider\/slider {\"slideshowId\":18} -->\n<div class=\"alignnormal\">[metaslider id=18 cssclass=\"\"]<\/div>\n<!-- \/wp:metaslider\/slider -->\n\n<!-- wp:paragraph -->\n<p>Le restaurant chez Lulu vous accueille au 13, rue de Bordeaux pour une cuisine familiale. C\u2019est au chef qu\u2019a \u00e9t\u00e9 confi\u00e9e la passionnante mission de cr\u00e9er une toute nouvelle offre gastronomique. D\u00e9jeuner, ap\u00e9ritif ou d\u00eener, il a enti\u00e8rement repens\u00e9 la carte. Cette derni\u00e8re, plus courte, propose 8 entr\u00e9es, 8 plats et 8 desserts.<\/p>\n<!-- \/wp:paragraph -->\n\n<!-- wp:paragraph -->\n<p>Chaque jour un plat du jour est mis \u00e0 l\u2019honneur, et le chef met un point d\u2019honneur \u00e0 n\u2019utiliser que les produits de saison, si possible bio et lab\u00e9lis\u00e9s provenant de producteurs locaux ; La proximit\u00e9 \u00e9tant un de ses fers de lance. Cette nouvelle carte est gourmande, d\u00e9contract\u00e9e et surtout plus lisible. Ses cr\u00e9ations sont tout simplement pertinentes et d\u00e9licieuses.<\/p>\n<!-- \/wp:paragraph -->\n\n<!-- wp:image {\"align\":\"center\",\"id\":48,\"sizeSlug\":\"full\",\"linkDestination\":\"none\",\"className\":\"is-style-rounded\"} -->\n<div class=\"wp-block-image is-style-rounded\"><figure class=\"aligncenter size-full\"><img src=\"https:\/\/profil-mlabbe.fr\/chezlulu\/wp-content\/uploads\/2021\/07\/restaurant.jpg\" alt=\"Venez passer un moment agr\u00e9able dans une ambiance chaleureuse\" class=\"wp-image-48\"\/><\/figure><\/div>\n<!-- \/wp:image -->","_et_gb_content_width":"","footnotes":""},"class_list":["post-2","page","type-page","status-publish","hentry"],"_links":{"self":[{"href":"https:\/\/profil-mlabbe.fr\/chezlulu\/wp-json\/wp\/v2\/pages\/2","targetHints":{"allow":["GET"]}}],"collection":[{"href":"https:\/\/profil-mlabbe.fr\/chezlulu\/wp-json\/wp\/v2\/pages"}],"about":[{"href":"https:\/\/profil-mlabbe.fr\/chezlulu\/wp-json\/wp\/v2\/types\/page"}],"author":[{"embeddable":true,"href":"https:\/\/profil-mlabbe.fr\/chezlulu\/wp-json\/wp\/v2\/users\/1"}],"replies":[{"embeddable":true,"href":"https:\/\/profil-mlabbe.fr\/chezlulu\/wp-json\/wp\/v2\/comments?post=2"}],"version-history":[{"count":16,"href":"https:\/\/profil-mlabbe.fr\/chezlulu\/wp-json\/wp\/v2\/pages\/2\/revisions"}],"predecessor-version":[{"id":79,"href":"https:\/\/profil-mlabbe.fr\/chezlulu\/wp-json\/wp\/v2\/pages\/2\/revisions\/79"}],"wp:attachment":[{"href":"https:\/\/profil-mlabbe.fr\/chezlulu\/wp-json\/wp\/v2\/media?parent=2"}],"curies":[{"name":"wp","href":"https:\/\/api.w.org\/{rel}","templated":true}]}}